{"id":350,"date":"2020-04-30T14:56:25","date_gmt":"2020-04-30T14:56:25","guid":{"rendered":"https:\/\/denederlandsewinkel.com\/leveringsvoorwaarden\/"},"modified":"2022-12-20T14:29:56","modified_gmt":"2022-12-20T14:29:56","slug":"condiciones-entrega","status":"publish","type":"page","link":"https:\/\/www.denederlandsewinkel.com\/es\/condiciones-entrega\/","title":{"rendered":"Condiciones de Entrega"},"content":{"rendered":"\t\t<div data-elementor-type=\"wp-page\" data-elementor-id=\"350\" class=\"elementor elementor-350 elementor-104\">\n\t\t\t\t\t\t<section class=\"elementor-section elementor-top-section elementor-element elementor-element-8349b6c elementor-section-stretched elementor-section-full_width elementor-section-height-min-height elementor-section-height-default elementor-section-items-middle\" data-id=\"8349b6c\" data-element_type=\"section\" data-e-type=\"section\" data-settings=\"{&quot;stretch_section&quot;:&quot;section-stretched&quot;,&quot;jet_parallax_layout_list&quot;:[{&quot;jet_parallax_layout_image&quot;:{&quot;url&quot;:&quot;&quot;,&quot;id&quot;:&quot;&quot;,&quot;size&quot;:&quot;&quot;},&quot;_id&quot;:&quot;31934b0&quot;,&quot;jet_parallax_layout_image_tablet&quot;:{&quot;url&quot;:&quot;&quot;,&quot;id&quot;:&quot;&quot;,&quot;size&quot;:&quot;&quot;},&quot;jet_parallax_layout_image_mobile&quot;:{&quot;url&quot;:&quot;&quot;,&quot;id&quot;:&quot;&quot;,&quot;size&quot;:&quot;&quot;},&quot;jet_parallax_layout_speed&quot;:{&quot;unit&quot;:&quot;%&quot;,&quot;size&quot;:50,&quot;sizes&quot;:[]},&quot;jet_parallax_layout_type&quot;:&quot;scroll&quot;,&quot;jet_parallax_layout_direction&quot;:&quot;1&quot;,&quot;jet_parallax_layout_fx_direction&quot;:null,&quot;jet_parallax_layout_z_index&quot;:&quot;&quot;,&quot;jet_parallax_layout_bg_x&quot;:50,&quot;jet_parallax_layout_bg_y&quot;:50,&quot;jet_parallax_layout_bg_size&quot;:&quot;auto&quot;,&quot;jet_parallax_layout_animation_prop&quot;:&quot;transform&quot;,&quot;jet_parallax_layout_on&quot;:[&quot;desktop&quot;,&quot;tablet&quot;],&quot;jet_parallax_layout_bg_x_tablet&quot;:&quot;&quot;,&quot;jet_parallax_layout_bg_x_mobile&quot;:&quot;&quot;,&quot;jet_parallax_layout_bg_y_tablet&quot;:&quot;&quot;,&quot;jet_parallax_layout_bg_y_mobile&quot;:&quot;&quot;,&quot;jet_parallax_layout_bg_size_tablet&quot;:&quot;&quot;,&quot;jet_parallax_layout_bg_size_mobile&quot;:&quot;&quot;}],&quot;background_background&quot;:&quot;classic&quot;}\">\n\t\t\t\t\t\t<div class=\"elementor-container elementor-column-gap-default\">\n\t\t\t\t\t<div class=\"elementor-column elementor-col-100 elementor-top-column elementor-element elementor-element-901d5ae\" data-id=\"901d5ae\" data-element_type=\"column\" data-e-type=\"column\">\n\t\t\t<div class=\"elementor-widget-wrap\">\n\t\t\t\t\t\t\t<\/div>\n\t\t<\/div>\n\t\t\t\t\t<\/div>\n\t\t<\/section>\n\t\t\t\t<section class=\"elementor-section elementor-top-section elementor-element elementor-element-9fb1141 elementor-section-boxed elementor-section-height-default elementor-section-height-default\" data-id=\"9fb1141\" data-element_type=\"section\" data-e-type=\"section\" data-settings=\"{&quot;jet_parallax_layout_list&quot;:[{&quot;jet_parallax_layout_image&quot;:{&quot;url&quot;:&quot;&quot;,&quot;id&quot;:&quot;&quot;,&quot;size&quot;:&quot;&quot;},&quot;_id&quot;:&quot;6bb82ca&quot;,&quot;jet_parallax_layout_image_tablet&quot;:{&quot;url&quot;:&quot;&quot;,&quot;id&quot;:&quot;&quot;,&quot;size&quot;:&quot;&quot;},&quot;jet_parallax_layout_image_mobile&quot;:{&quot;url&quot;:&quot;&quot;,&quot;id&quot;:&quot;&quot;,&quot;size&quot;:&quot;&quot;},&quot;jet_parallax_layout_speed&quot;:{&quot;unit&quot;:&quot;%&quot;,&quot;size&quot;:50,&quot;sizes&quot;:[]},&quot;jet_parallax_layout_type&quot;:&quot;scroll&quot;,&quot;jet_parallax_layout_direction&quot;:&quot;1&quot;,&quot;jet_parallax_layout_fx_direction&quot;:null,&quot;jet_parallax_layout_z_index&quot;:&quot;&quot;,&quot;jet_parallax_layout_bg_x&quot;:50,&quot;jet_parallax_layout_bg_y&quot;:50,&quot;jet_parallax_layout_bg_size&quot;:&quot;auto&quot;,&quot;jet_parallax_layout_animation_prop&quot;:&quot;transform&quot;,&quot;jet_parallax_layout_on&quot;:[&quot;desktop&quot;,&quot;tablet&quot;],&quot;jet_parallax_layout_bg_x_tablet&quot;:&quot;&quot;,&quot;jet_parallax_layout_bg_x_mobile&quot;:&quot;&quot;,&quot;jet_parallax_layout_bg_y_tablet&quot;:&quot;&quot;,&quot;jet_parallax_layout_bg_y_mobile&quot;:&quot;&quot;,&quot;jet_parallax_layout_bg_size_tablet&quot;:&quot;&quot;,&quot;jet_parallax_layout_bg_size_mobile&quot;:&quot;&quot;}]}\">\n\t\t\t\t\t\t<div class=\"elementor-container elementor-column-gap-default\">\n\t\t\t\t\t<div class=\"elementor-column elementor-col-100 elementor-top-column elementor-element elementor-element-6227a3b\" data-id=\"6227a3b\" data-element_type=\"column\" data-e-type=\"column\" data-settings=\"{&quot;background_background&quot;:&quot;classic&quot;}\">\n\t\t\t<div class=\"elementor-widget-wrap elementor-element-populated\">\n\t\t\t\t\t\t<div class=\"elementor-element elementor-element-b5467a9 elementor-align-left elementor-widget elementor-widget-raven-heading\" data-id=\"b5467a9\" data-element_type=\"widget\" data-e-type=\"widget\" data-widget_type=\"raven-heading.default\">\n\t\t\t\t<div class=\"elementor-widget-container\">\n\t\t\t\t\t\t\t<div class=\"raven-widget-wrapper\"><h2 class=\"raven-heading raven-heading-h2\"><span class=\"raven-heading-title \">Los Tulipanes utiliza las siguientes condiciones de entrega:<\/span><\/h2><\/div>\n\t\t\t\t\t\t<\/div>\n\t\t\t\t<\/div>\n\t\t\t\t<div class=\"elementor-element elementor-element-4461d49 elementor-widget elementor-widget-text-editor\" data-id=\"4461d49\" data-element_type=\"widget\" data-e-type=\"widget\" data-widget_type=\"text-editor.default\">\n\t\t\t\t<div class=\"elementor-widget-container\">\n\t\t\t\t\t\t\t\t\t<ul><li>Todos los pedidos a trav\u00e9s de nuestra tienda se pueden pagar de la siguiente manera:<\/li><li style=\"list-style-type: none;\"><ol><li style=\"font-weight: 400;\">Efectivo o tarjeta de cr\u00e9dito\/d\u00e9bito en tienda.<\/li><li style=\"font-weight: 400;\">Por transferencia bancaria.<\/li><\/ol><\/li><li><p style=\"font-weight: 400;\">Los Tulipanes no acepta comisiones compartidas. Todas las comisiones deben ser pagadas por la parte que realiza el pedido.<\/p><\/li><li><p style=\"font-weight: 400;\">Tienes la opci\u00f3n de recoger tu pedido en nuestra tienda f\u00edsica o de que se env\u00ede con una empresa de transporte.<\/p><\/li><li><p style=\"font-weight: 400;\">Los servicios de reparto tienen un coste adicional que ser\u00e1 cobrado por adelantado por Los Tulipanes<\/p><\/li><li><p style=\"font-weight: 400;\">Desafortunadamente, los productos congelados NO se pueden enviar a domicilio.<\/p><\/li><li><p style=\"font-weight: 400;\">Los Tulipanes se reserva el derecho de suspender\/posponer el env\u00edo del pedido durante condiciones clim\u00e1ticas extremas para evitar cualquier da\u00f1o, deterioro o p\u00e9rdida de calidad de la mercanc\u00eda.<\/p><p style=\"font-weight: 400;\">Se entiende por condiciones meteorol\u00f3gicas extremas:<\/p><p style=\"font-weight: 400;\">* Calima y\/o temperaturas extremadamente altas (35\u00baC o m\u00e1s).<\/p><p style=\"font-weight: 400;\">* Tormenta severa y\/o lluvia (alerta naranja\/roja).<\/p><\/li><li><p style=\"font-weight: 400;\">Los Tulipanes no realiza env\u00edos fuera de Canarias.<\/p><\/li><li><p style=\"font-weight: 400;\">Si un pedido se paga mediante transferencia bancaria, el pedido solo se ejecutar\u00e1 una vez que el importe adeudado se haya acreditado en nuestra cuenta bancaria.<\/p><\/li><li><p style=\"font-weight: 400;\">La comida no se puede devolver por razones comprensibles. Si un producto no est\u00e1 en buen estado, cont\u00e1ctenos.<\/p><\/li><li><p style=\"font-weight: 400;\">La entrega tambi\u00e9n puede posponerse si hay circunstancias imprevistas en los transportistas, barcos y\/o conexiones a\u00e9reas entre las islas. Los Tulipanes no se hace responsable si se produce un retraso en el transporte del que Los Tulipanes no ha podido obtener informaci\u00f3n de ninguna manera. En caso de retraso y\/u otras circunstancias, Los Tulipanes har\u00e1 todo lo posible para informar al cliente por tel\u00e9fono o correo electr\u00f3nico.<\/p><\/li><\/ul>\t\t\t\t\t\t\t\t<\/div>\n\t\t\t\t<\/div>\n\t\t\t\t\t<\/div>\n\t\t<\/div>\n\t\t\t\t\t<\/div>\n\t\t<\/section>\n\t\t\t\t<\/div>\n\t\t","protected":false},"excerpt":{"rendered":"<p>Los Tulipanes utiliza las siguientes condiciones de entrega: Todos los pedidos a trav\u00e9s de nuestra tienda se pueden pagar de la siguiente manera: Efectivo o tarjeta de cr\u00e9dito\/d\u00e9bito en tienda. Por transferencia bancaria. Los Tulipanes no acepta comisiones compartidas. Todas las comisiones deben ser pagadas por la parte que realiza el pedido. Tienes la opci\u00f3n [&hellip;]<\/p>\n","protected":false},"author":1,"featured_media":0,"parent":0,"menu_order":0,"comment_status":"closed","ping_status":"closed","template":"","meta":{"_acf_changed":false,"footnotes":""},"class_list":["post-350","page","type-page","status-publish","hentry"],"acf":[],"_links":{"self":[{"href":"https:\/\/www.denederlandsewinkel.com\/es\/wp-json\/wp\/v2\/pages\/350","targetHints":{"allow":["GET"]}}],"collection":[{"href":"https:\/\/www.denederlandsewinkel.com\/es\/wp-json\/wp\/v2\/pages"}],"about":[{"href":"https:\/\/www.denederlandsewinkel.com\/es\/wp-json\/wp\/v2\/types\/page"}],"author":[{"embeddable":true,"href":"https:\/\/www.denederlandsewinkel.com\/es\/wp-json\/wp\/v2\/users\/1"}],"replies":[{"embeddable":true,"href":"https:\/\/www.denederlandsewinkel.com\/es\/wp-json\/wp\/v2\/comments?post=350"}],"version-history":[{"count":0,"href":"https:\/\/www.denederlandsewinkel.com\/es\/wp-json\/wp\/v2\/pages\/350\/revisions"}],"wp:attachment":[{"href":"https:\/\/www.denederlandsewinkel.com\/es\/wp-json\/wp\/v2\/media?parent=350"}],"curies":[{"name":"wp","href":"https:\/\/api.w.org\/{rel}","templated":true}]}}