{"id":334,"date":"2020-05-21T14:57:16","date_gmt":"2020-05-21T14:57:16","guid":{"rendered":"https:\/\/denederlandsewinkel.com\/voorwaarden\/"},"modified":"2020-08-20T11:30:52","modified_gmt":"2020-08-20T11:30:52","slug":"condiciones","status":"publish","type":"page","link":"https:\/\/www.denederlandsewinkel.com\/es\/condiciones\/","title":{"rendered":"Condiciones"},"content":{"rendered":"\t\t<div data-elementor-type=\"wp-page\" data-elementor-id=\"334\" class=\"elementor elementor-334 elementor-183\">\n\t\t\t\t\t\t<section class=\"elementor-section elementor-top-section elementor-element elementor-element-4c444a61 elementor-section-stretched elementor-section-full_width elementor-section-height-min-height elementor-section-height-default elementor-section-items-middle\" data-id=\"4c444a61\" data-element_type=\"section\" data-e-type=\"section\" data-settings=\"{&quot;stretch_section&quot;:&quot;section-stretched&quot;,&quot;jet_parallax_layout_list&quot;:[{&quot;jet_parallax_layout_image&quot;:{&quot;url&quot;:&quot;&quot;,&quot;id&quot;:&quot;&quot;,&quot;size&quot;:&quot;&quot;},&quot;_id&quot;:&quot;31934b0&quot;,&quot;jet_parallax_layout_image_tablet&quot;:{&quot;url&quot;:&quot;&quot;,&quot;id&quot;:&quot;&quot;,&quot;size&quot;:&quot;&quot;},&quot;jet_parallax_layout_image_mobile&quot;:{&quot;url&quot;:&quot;&quot;,&quot;id&quot;:&quot;&quot;,&quot;size&quot;:&quot;&quot;},&quot;jet_parallax_layout_speed&quot;:{&quot;unit&quot;:&quot;%&quot;,&quot;size&quot;:50,&quot;sizes&quot;:[]},&quot;jet_parallax_layout_type&quot;:&quot;scroll&quot;,&quot;jet_parallax_layout_direction&quot;:&quot;1&quot;,&quot;jet_parallax_layout_fx_direction&quot;:null,&quot;jet_parallax_layout_z_index&quot;:&quot;&quot;,&quot;jet_parallax_layout_bg_x&quot;:50,&quot;jet_parallax_layout_bg_y&quot;:50,&quot;jet_parallax_layout_bg_size&quot;:&quot;auto&quot;,&quot;jet_parallax_layout_animation_prop&quot;:&quot;transform&quot;,&quot;jet_parallax_layout_on&quot;:[&quot;desktop&quot;,&quot;tablet&quot;],&quot;jet_parallax_layout_bg_x_tablet&quot;:&quot;&quot;,&quot;jet_parallax_layout_bg_x_mobile&quot;:&quot;&quot;,&quot;jet_parallax_layout_bg_y_tablet&quot;:&quot;&quot;,&quot;jet_parallax_layout_bg_y_mobile&quot;:&quot;&quot;,&quot;jet_parallax_layout_bg_size_tablet&quot;:&quot;&quot;,&quot;jet_parallax_layout_bg_size_mobile&quot;:&quot;&quot;}],&quot;background_background&quot;:&quot;classic&quot;}\">\n\t\t\t\t\t\t<div class=\"elementor-container elementor-column-gap-default\">\n\t\t\t\t\t<div class=\"elementor-column elementor-col-100 elementor-top-column elementor-element elementor-element-4bd8a7f0\" data-id=\"4bd8a7f0\" data-element_type=\"column\" data-e-type=\"column\">\n\t\t\t<div class=\"elementor-widget-wrap\">\n\t\t\t\t\t\t\t<\/div>\n\t\t<\/div>\n\t\t\t\t\t<\/div>\n\t\t<\/section>\n\t\t\t\t<section class=\"elementor-section elementor-top-section elementor-element elementor-element-3ee61ade elementor-section-boxed elementor-section-height-default elementor-section-height-default\" data-id=\"3ee61ade\" data-element_type=\"section\" data-e-type=\"section\" data-settings=\"{&quot;jet_parallax_layout_list&quot;:[{&quot;jet_parallax_layout_image&quot;:{&quot;url&quot;:&quot;&quot;,&quot;id&quot;:&quot;&quot;,&quot;size&quot;:&quot;&quot;},&quot;_id&quot;:&quot;6bb82ca&quot;,&quot;jet_parallax_layout_image_tablet&quot;:{&quot;url&quot;:&quot;&quot;,&quot;id&quot;:&quot;&quot;,&quot;size&quot;:&quot;&quot;},&quot;jet_parallax_layout_image_mobile&quot;:{&quot;url&quot;:&quot;&quot;,&quot;id&quot;:&quot;&quot;,&quot;size&quot;:&quot;&quot;},&quot;jet_parallax_layout_speed&quot;:{&quot;unit&quot;:&quot;%&quot;,&quot;size&quot;:50,&quot;sizes&quot;:[]},&quot;jet_parallax_layout_type&quot;:&quot;scroll&quot;,&quot;jet_parallax_layout_direction&quot;:&quot;1&quot;,&quot;jet_parallax_layout_fx_direction&quot;:null,&quot;jet_parallax_layout_z_index&quot;:&quot;&quot;,&quot;jet_parallax_layout_bg_x&quot;:50,&quot;jet_parallax_layout_bg_y&quot;:50,&quot;jet_parallax_layout_bg_size&quot;:&quot;auto&quot;,&quot;jet_parallax_layout_animation_prop&quot;:&quot;transform&quot;,&quot;jet_parallax_layout_on&quot;:[&quot;desktop&quot;,&quot;tablet&quot;],&quot;jet_parallax_layout_bg_x_tablet&quot;:&quot;&quot;,&quot;jet_parallax_layout_bg_x_mobile&quot;:&quot;&quot;,&quot;jet_parallax_layout_bg_y_tablet&quot;:&quot;&quot;,&quot;jet_parallax_layout_bg_y_mobile&quot;:&quot;&quot;,&quot;jet_parallax_layout_bg_size_tablet&quot;:&quot;&quot;,&quot;jet_parallax_layout_bg_size_mobile&quot;:&quot;&quot;}]}\">\n\t\t\t\t\t\t<div class=\"elementor-container elementor-column-gap-default\">\n\t\t\t\t\t<div class=\"elementor-column elementor-col-100 elementor-top-column elementor-element elementor-element-6ac0ab3\" data-id=\"6ac0ab3\" data-element_type=\"column\" data-e-type=\"column\" data-settings=\"{&quot;background_background&quot;:&quot;classic&quot;}\">\n\t\t\t<div class=\"elementor-widget-wrap elementor-element-populated\">\n\t\t\t\t\t\t<div class=\"elementor-element elementor-element-6295afda elementor-align-left elementor-widget elementor-widget-raven-heading\" data-id=\"6295afda\" data-element_type=\"widget\" data-e-type=\"widget\" data-widget_type=\"raven-heading.default\">\n\t\t\t\t<div class=\"elementor-widget-container\">\n\t\t\t\t\t\t\t<div class=\"raven-widget-wrapper\"><h2 class=\"raven-heading raven-heading-h2\"><span class=\"raven-heading-title \">Pol\u00edtica de privacidad<\/span><\/h2><\/div>\n\t\t\t\t\t\t<\/div>\n\t\t\t\t<\/div>\n\t\t\t\t<div class=\"elementor-element elementor-element-77baae1a elementor-widget elementor-widget-text-editor\" data-id=\"77baae1a\" data-element_type=\"widget\" data-e-type=\"widget\" data-widget_type=\"text-editor.default\">\n\t\t\t\t<div class=\"elementor-widget-container\">\n\t\t\t\t\t\t\t\t\t<p>RESPONSABLE:\u00a0GOEKEN S.L. <span class=\"Apple-converted-space\">\u00a0 <\/span>denederlandsewinkel@gmail.com<\/p><p>FINALIDAD PRINCIPAL:<\/p><ul><li>Facilitar la informaci\u00f3n solicitada<\/li><li>Resolver la consulta planteada<\/li><li>Mantener relaciones profesionales y\/o comerciales<span class=\"Apple-converted-space\">\u00a0<\/span><\/li><li>Gestionar la suscripci\u00f3n<\/li><li>Gestionar los procesos de selecci\u00f3n de personal<\/li><li>Gestionar el env\u00edo de newsletter<\/li><\/ul><p>LEGITIMACI\u00d3N:\u00a0Consentimiento del interesado<span class=\"Apple-converted-space\">\u00a0<\/span><\/p><p>DESTINATARIOS:\u00a0No se ceder\u00e1n datos a terceros, salvo autorizaci\u00f3n expresa u obligaci\u00f3n legal<\/p><p>DERECHOS:<\/p><p>Acceder, rectificar y suprimir los datos, portabilidad de los datos, limitaci\u00f3n u oposici\u00f3n a su tratamiento, transparencia y derecho a no ser objeto de decisiones automatizadas.<\/p><p>\u00a0<\/p><p><strong>Pol\u00edtica de Privacidad<\/strong><\/p><p>Siguiendo los principios de licitud, lealtad y transparencia, ponemos a su disposici\u00f3n la presente Pol\u00edtica de Privacidad.<\/p><p>\u00bfQui\u00e9n es el Responsable del tratamiento de sus datos?<\/p><p>GOEKEN S.L.<\/p><p>CIF: B76000900<\/p><p>DOMICILIO SOCIAL: AVDA. GRAN CANARIA, 44-47, 35100, PLAYA DEL INGL\u00c9S (LAS PALMAS)<\/p><p>Email: <a href=\"mailto:email@email.com\">denederlandsewinkel@gmail.com<\/a><span class=\"Apple-converted-space\">\u00a0<\/span><\/p><p>Tel\u00e9fono: 680 662 194<\/p><p>\u00bfCon qu\u00e9 finalidad tratamos sus datos personales?<\/p><p>En GOEKEN S.L. tratamos la informaci\u00f3n que nos facilita con la finalidad de gestionar la relaci\u00f3n contractual que nos une, gestionar el env\u00edo de la informaci\u00f3n que nos solicita, facilitar a los interesados ofertas de nuestros servicios y\/o productos de su inter\u00e9s y\/o gestionar su candidatura.<\/p><p>\u00bfPor cu\u00e1nto tiempo conservaremos sus datos personales?<\/p><p>Sus datos, ser\u00e1n conservados el tiempo m\u00ednimo necesario para la correcta prestaci\u00f3n del servicio ofrecido as\u00ed como para atender las responsabilidades que se pudieran derivar del mismo y de cualquier otra exigencia legal.<\/p><p>\u00bfCu\u00e1l es la legitimaci\u00f3n para el tratamiento de sus datos?<\/p><p>La base legal para el tratamiento de sus datos personales puede ser la ejecuci\u00f3n de una relaci\u00f3n contractual potencial y\/o suscrita, el inter\u00e9s leg\u00edtimo, la habilitaci\u00f3n legal y\/o el consentimiento del propio interesado. Los datos que le solicitamos son adecuados, pertinentes y estrictamente necesarios y en ning\u00fan caso est\u00e1 obligado a facilit\u00e1rnoslos, pero su no comunicaci\u00f3n podr\u00e1 afectar a la finalidad del servicio o la imposibilidad de prestarlo.<span class=\"Apple-converted-space\">\u00a0<\/span><\/p><p>\u00bfA qu\u00e9 destinatarios se comunicar\u00e1n sus datos?<\/p><p>GOEKEN S.L. no comunicar\u00e1 sus datos a ning\u00fan tercero, salvo su consentimiento expreso u obligaci\u00f3n legal.<\/p><p>\u00bfCu\u00e1les son sus derechos cuando nos facilita sus datos?<\/p><p>Los derechos de protecci\u00f3n de datos de los que son titulares los interesados son:<\/p><ul><li>Derecho a solicitar el acceso a los datos personales relativos al interesado<\/li><li>Derecho de rectificaci\u00f3n o supresi\u00f3n<\/li><li>Derecho de oposici\u00f3n<\/li><li>Derecho a solicitar la limitaci\u00f3n de su tratamiento<span class=\"Apple-converted-space\">\u00a0<\/span><\/li><li>Derecho a la portabilidad de los datos<\/li><\/ul><p>Los titulares de los datos personales obtenidos, podr\u00e1n ejercer sus derechos de protecci\u00f3n de datos personales dirigiendo una comunicaci\u00f3n por escrito al domicilio social de GOEKEN S.L. o al correo electr\u00f3nico habilitado a tal efecto, <a href=\"mailto:email@email.com\">denederlandsewinkel@gmail.com<\/a>, incluyendo en ambos casos fotocopia de su DNI u otro documento de identificaci\u00f3n equivalente.<\/p><p>Modelos, formularios y m\u00e1s informaci\u00f3n disponible sobre sus derechos en la p\u00e1gina web de la autoridad de control nacional, Agencia Espa\u00f1ola de Protecci\u00f3n de Datos, en adelante, AEPD, <a href=\"http:\/\/www.agpd.es\" target=\"_blank\" rel=\"noopener\">www.agpd.es<\/a> <span class=\"Apple-converted-space\">\u00a0<\/span><\/p><p>\u00bfPuedo retirar el consentimiento?<\/p><p>Usted tiene la posibilidad y el derecho a retirar el consentimiento para cualquiera finalidad espec\u00edfica otorgada en su momento, sin que ello afecte a la licitud del tratamiento basado en el consentimiento previo a su retirada.<\/p><p>\u00bfD\u00f3nde puedo reclamar en caso de que considere que no se tratan mis datos correctamente?<\/p><p>Si alg\u00fan interesado considera que sus datos no son tratados correctamente por GOEKEN S.L. puede dirigir sus reclamaciones al correo <a href=\"mailto:email@email.com\">denederlandsewinkel@gmail.com<\/a> o a la autoridad de protecci\u00f3n de datos que corresponda, siendo la AEPD la indicada en el territorio nacional, <a href=\"http:\/\/www.agpd.es\" target=\"_blank\" rel=\"noopener\">www.agpd.es<\/a><span class=\"Apple-converted-space\">\u00a0<\/span><\/p><p>Seguridad y actualizaci\u00f3n de sus datos personales<\/p><p>Con el objetivo de salvaguardar la seguridad de sus datos personales, le informamos que GOEKEN S.L. ha adoptado todas las medidas de \u00edndole t\u00e9cnica y organizativa necesarias para garantizar la seguridad de los datos personales suministrados. Todo ello para evitar su alteraci\u00f3n, p\u00e9rdida, y\/o tratamientos o accesos no autorizados, tal como exige la normativa, si bien la seguridad absoluta no existe.<span class=\"Apple-converted-space\">\u00a0<\/span><\/p><p>Es importante que, para que podamos mantener sus datos personales actualizados, nos informe siempre que se produzca una modificaci\u00f3n de los mismos.<span class=\"Apple-converted-space\">\u00a0<\/span><\/p><p>Confidencialidad<\/p><p>GOEKEN S.L. le informa que sus datos ser\u00e1n tratados con el m\u00e1ximo celo y confidencialidad por todo el personal que intervenga en cualquiera de las fases del tratamiento. No cederemos ni comunicaremos a ning\u00fan tercero sus datos, excepto en los casos legalmente previstos, o salvo que el interesado nos hubiera autorizado expresamente.<\/p>\t\t\t\t\t\t\t\t<\/div>\n\t\t\t\t<\/div>\n\t\t\t\t\t<\/div>\n\t\t<\/div>\n\t\t\t\t\t<\/div>\n\t\t<\/section>\n\t\t\t\t<\/div>\n\t\t","protected":false},"excerpt":{"rendered":"<p>Pol\u00edtica de privacidad RESPONSABLE:&nbsp;GOEKEN S.L. &nbsp; denederlandsewinkel@gmail.com FINALIDAD PRINCIPAL: Facilitar la informaci\u00f3n solicitada Resolver la consulta planteada Mantener relaciones profesionales y\/o comerciales&nbsp; Gestionar la suscripci\u00f3n Gestionar los procesos de selecci\u00f3n de personal Gestionar el env\u00edo de newsletter LEGITIMACI\u00d3N:&nbsp;Consentimiento del interesado&nbsp; DESTINATARIOS:&nbsp;No se ceder\u00e1n datos a terceros, salvo autorizaci\u00f3n expresa u obligaci\u00f3n legal DERECHOS: Acceder, rectificar [&hellip;]<\/p>\n","protected":false},"author":1,"featured_media":0,"parent":0,"menu_order":0,"comment_status":"closed","ping_status":"closed","template":"","meta":{"_acf_changed":false,"footnotes":""},"class_list":["post-334","page","type-page","status-publish","hentry"],"acf":[],"_links":{"self":[{"href":"https:\/\/www.denederlandsewinkel.com\/es\/wp-json\/wp\/v2\/pages\/334","targetHints":{"allow":["GET"]}}],"collection":[{"href":"https:\/\/www.denederlandsewinkel.com\/es\/wp-json\/wp\/v2\/pages"}],"about":[{"href":"https:\/\/www.denederlandsewinkel.com\/es\/wp-json\/wp\/v2\/types\/page"}],"author":[{"embeddable":true,"href":"https:\/\/www.denederlandsewinkel.com\/es\/wp-json\/wp\/v2\/users\/1"}],"replies":[{"embeddable":true,"href":"https:\/\/www.denederlandsewinkel.com\/es\/wp-json\/wp\/v2\/comments?post=334"}],"version-history":[{"count":0,"href":"https:\/\/www.denederlandsewinkel.com\/es\/wp-json\/wp\/v2\/pages\/334\/revisions"}],"wp:attachment":[{"href":"https:\/\/www.denederlandsewinkel.com\/es\/wp-json\/wp\/v2\/media?parent=334"}],"curies":[{"name":"wp","href":"https:\/\/api.w.org\/{rel}","templated":true}]}}